{"id":235,"date":"2025-05-19T10:57:48","date_gmt":"2025-05-19T08:57:48","guid":{"rendered":"http:\/\/opuscosmetics.pl\/?post_type=product&#038;p=235"},"modified":"2025-05-19T10:57:49","modified_gmt":"2025-05-19T08:57:49","slug":"szampon","status":"publish","type":"product","link":"https:\/\/opuscosmetics.pl\/?product=szampon","title":{"rendered":"Szampon"},"content":{"rendered":"<p>Luksusowa Piel\u0119gnacja z Natury. Odkryj bogaty eliksir, kt\u00f3ry delikatnie oczyszcza i g\u0142\u0119boko od\u017cywia w\u0142osy, cia\u0142o i brod\u0119, nadaj\u0105c im jedwabist\u0105 mi\u0119kko\u015b\u0107 i blask. Formu\u0142a z unikalnym <strong>olejem abisy\u0144skim<\/strong>, prebiotyczn\u0105 <strong>inulin\u0105<\/strong> oraz nawil\u017caj\u0105cym <strong>kwasem hialuronowym<\/strong>. Wzbogacony o ekstrakty z <strong>\u0142opianu, palmy saba\u0142owej i kawy<\/strong> dla wzmocnienia i witalno\u015bci. Poczuj luksus natury. Kluczowe sk\u0142adniki: Olej abisy\u0144ski, Inulina, Kwas hialuronowy, Ekstrakty ro\u015blinne. Podaruj sobie luksus.<\/p>\n","protected":false},"excerpt":{"rendered":"<p>Luksusowa Piel\u0119gnacja z Natury.<\/p>\n","protected":false},"featured_media":237,"comment_status":"open","ping_status":"closed","template":"","meta":[],"product_brand":[],"product_cat":[26,28,27],"product_tag":[],"class_list":{"0":"post-235","1":"product","2":"type-product","3":"status-publish","4":"has-post-thumbnail","6":"product_cat-broda","7":"product_cat-cialo","8":"product_cat-wlosy","10":"first","11":"instock","12":"shipping-taxable","13":"purchasable","14":"product-type-simple"},"jetpack_sharing_enabled":true,"_links":{"self":[{"href":"https:\/\/opuscosmetics.pl\/index.php?rest_route=\/wp\/v2\/product\/235","targetHints":{"allow":["GET"]}}],"collection":[{"href":"https:\/\/opuscosmetics.pl\/index.php?rest_route=\/wp\/v2\/product"}],"about":[{"href":"https:\/\/opuscosmetics.pl\/index.php?rest_route=\/wp\/v2\/types\/product"}],"replies":[{"embeddable":true,"href":"https:\/\/opuscosmetics.pl\/index.php?rest_route=%2Fwp%2Fv2%2Fcomments&post=235"}],"wp:featuredmedia":[{"embeddable":true,"href":"https:\/\/opuscosmetics.pl\/index.php?rest_route=\/wp\/v2\/media\/237"}],"wp:attachment":[{"href":"https:\/\/opuscosmetics.pl\/index.php?rest_route=%2Fwp%2Fv2%2Fmedia&parent=235"}],"wp:term":[{"taxonomy":"product_brand","embeddable":true,"href":"https:\/\/opuscosmetics.pl\/index.php?rest_route=%2Fwp%2Fv2%2Fproduct_brand&post=235"},{"taxonomy":"product_cat","embeddable":true,"href":"https:\/\/opuscosmetics.pl\/index.php?rest_route=%2Fwp%2Fv2%2Fproduct_cat&post=235"},{"taxonomy":"product_tag","embeddable":true,"href":"https:\/\/opuscosmetics.pl\/index.php?rest_route=%2Fwp%2Fv2%2Fproduct_tag&post=235"}],"curies":[{"name":"wp","href":"https:\/\/api.w.org\/{rel}","templated":true}]}}